{"id":1049,"date":"2016-12-27T10:16:34","date_gmt":"2016-12-27T09:16:34","guid":{"rendered":"https:\/\/www.eurominerals.at\/\/?page_id=1049"},"modified":"2026-04-23T07:13:08","modified_gmt":"2026-04-23T05:13:08","slug":"office","status":"publish","type":"page","link":"https:\/\/www.eurominerals.com\/en\/contact\/office\/","title":{"rendered":"Office"},"content":{"rendered":"<p>[et_pb_section bb_built=&#8221;1&#8243; admin_label=&#8221;section&#8221; _builder_version=&#8221;3.0.47&#8243;][et_pb_row admin_label=&#8221;row&#8221; _builder_version=&#8221;3.0.47&#8243; background_size=&#8221;initial&#8221; background_position=&#8221;top_left&#8221; background_repeat=&#8221;repeat&#8221;][et_pb_column type=&#8221;4_4&#8243;][et_pb_text admin_label=&#8221;\u00dcberschrift Ansprechpartner&#8221; _builder_version=&#8221;3.0.47&#8243; background_size=&#8221;initial&#8221; background_position=&#8221;top_left&#8221; background_repeat=&#8221;repeat&#8221; use_border_color=&#8221;off&#8221; border_color=&#8221;#ffffff&#8221; border_style=&#8221;solid&#8221;]<\/p>\n<h1>euroMinerals GmbH<\/h1>\n<p>[\/et_pb_text][\/et_pb_column][\/et_pb_row][et_pb_row _builder_version=&#8221;3.0.47&#8243; background_size=&#8221;initial&#8221; background_position=&#8221;top_left&#8221; background_repeat=&#8221;repeat&#8221;][et_pb_column type=&#8221;1_3&#8243;][et_pb_image src=&#8221;https:\/\/www.eurominerals.at\/wp-content\/uploads\/2021\/01\/eM_Mersiha_Muhamedbegovicz.jpg&#8221; _builder_version=&#8221;3.4&#8243; animation_style=&#8221;slide&#8221; animation_direction=&#8221;left&#8221; animation_duration=&#8221;500ms&#8221; animation_intensity_slide=&#8221;10%&#8221; use_border_color=&#8221;off&#8221; border_color=&#8221;#ffffff&#8221; border_style=&#8221;solid&#8221; animation=&#8221;left&#8221; sticky=&#8221;off&#8221;]<\/p>\n<p>&nbsp;<\/p>\n<p>[\/et_pb_image][et_pb_team_member admin_label=&#8221;Mersiha Muhamedbegovic&#8221; name=&#8221;Mersiha Muhamedbegovic&#8221; position=&#8221;Customer Service&#8221; _builder_version=&#8221;3.4&#8243; background_size=&#8221;initial&#8221; background_position=&#8221;top_left&#8221; background_repeat=&#8221;repeat&#8221; use_border_color=&#8221;off&#8221;]<\/p>\n<p class=\"p1\"><span style=\"color: #000000;\"><span class=\"s1\"><a href=\"mailto:mm@eurominerals.com\"><span class=\"s2\">mm@eurominerals.com<\/span><\/a><a style=\"color: #000000;\" href=\"mailto:mm@eurominerals.com\"><span class=\"s2\"><br \/>\n<\/span><\/a><\/span><a style=\"color: #000000;\" href=\"tel:+43361282286111\"><span class=\"s3\">T +43 3612 82286 111<\/span><\/a><\/span><\/p>\n<p>[\/et_pb_team_member][\/et_pb_column][et_pb_column type=&#8221;1_3&#8243;][et_pb_image src=&#8221;https:\/\/www.eurominerals.com\/wp-content\/uploads\/2022\/08\/eM_Mitarbeiter_Johanna_Lanner_2022_web.jpg&#8221; _builder_version=&#8221;3.4&#8243; animation_style=&#8221;slide&#8221; animation_direction=&#8221;left&#8221; animation_duration=&#8221;500ms&#8221; animation_intensity_slide=&#8221;10%&#8221; use_border_color=&#8221;off&#8221; border_color=&#8221;#ffffff&#8221; border_style=&#8221;solid&#8221; animation=&#8221;left&#8221; sticky=&#8221;off&#8221;]<\/p>\n<p>&nbsp;<\/p>\n<p>[\/et_pb_image][et_pb_team_member admin_label=&#8221;Edith Held&#8221; name=&#8221;Johanna Lanner&#8221; position=&#8221;Customer Service&#8221; _builder_version=&#8221;3.4&#8243; background_size=&#8221;initial&#8221; background_position=&#8221;top_left&#8221; background_repeat=&#8221;repeat&#8221; use_border_color=&#8221;off&#8221;]<\/p>\n<p class=\"p1\"><span style=\"color: #000000;\"><span class=\"s1\"><a href=\"mailto:j.lanner@eurominerals.at\">j.lanner@eurominerals.com<\/a><br \/>\nT +43\u00a03612 82286 110<\/span><\/span><\/p>\n<p>[\/et_pb_team_member][\/et_pb_column][et_pb_column type=&#8221;1_3&#8243;][\/et_pb_column][\/et_pb_row][et_pb_row _builder_version=&#8221;3.0.47&#8243; background_size=&#8221;initial&#8221; background_position=&#8221;top_left&#8221; background_repeat=&#8221;repeat&#8221;][et_pb_column type=&#8221;1_3&#8243;][et_pb_image src=&#8221;https:\/\/www.eurominerals.at\/wp-content\/uploads\/2021\/01\/eM_Harald_Topper_web.jpg&#8221; _builder_version=&#8221;3.4&#8243; animation_style=&#8221;slide&#8221; animation_direction=&#8221;left&#8221; animation_duration=&#8221;500ms&#8221; animation_intensity_slide=&#8221;10%&#8221; use_border_color=&#8221;off&#8221; border_color=&#8221;#ffffff&#8221; border_style=&#8221;solid&#8221; animation=&#8221;left&#8221; sticky=&#8221;off&#8221;]<\/p>\n<p>&nbsp;<\/p>\n<p>[\/et_pb_image][et_pb_team_member admin_label=&#8221;Harald Tropper&#8221; name=&#8221;Harald Tropper&#8221; position=&#8221;Sales Director Talc&#8221; _builder_version=&#8221;3.4&#8243; background_size=&#8221;initial&#8221; background_position=&#8221;top_left&#8221; background_repeat=&#8221;repeat&#8221; use_border_color=&#8221;off&#8221;]<\/p>\n<p class=\"p1\"><span style=\"color: #000000;\"><span class=\"s1\"><a href=\"mailto:h.tropper@eurominerals.com\">h.tropper@eurominerals.com<\/a><br \/>\nT +43 660 37 19 599<\/span><\/span><\/p>\n<p>[\/et_pb_team_member][\/et_pb_column][et_pb_column type=&#8221;1_3&#8243;][et_pb_image src=&#8221;https:\/\/www.eurominerals.com\/wp-content\/uploads\/2024\/07\/eM_-Kerstin-Purkert_web_300.jpg&#8221; _builder_version=&#8221;3.4&#8243; animation_style=&#8221;slide&#8221; animation_direction=&#8221;left&#8221; animation_duration=&#8221;500ms&#8221; animation_intensity_slide=&#8221;10%&#8221; use_border_color=&#8221;off&#8221; border_color=&#8221;#ffffff&#8221; border_style=&#8221;solid&#8221; animation=&#8221;left&#8221; sticky=&#8221;off&#8221;]<\/p>\n<p>&nbsp;<\/p>\n<p>[\/et_pb_image][et_pb_team_member admin_label=&#8221;Harald Tropper&#8221; name=&#8221;Kerstin Purkert&#8221; position=&#8221;Technical Sales Manager&#8221; _builder_version=&#8221;3.4&#8243; background_size=&#8221;initial&#8221; background_position=&#8221;top_left&#8221; background_repeat=&#8221;repeat&#8221; use_border_color=&#8221;off&#8221;]<\/p>\n<p class=\"p1\"><span style=\"color: #000000;\"><span class=\"s1\"><a href=\"mailto:k.purkert@eurominerals.com\">k.purkert@eurominerals.com<\/a><br \/>\nT +49 911 18 07 37 45<\/span><\/span><\/p>\n<p>[\/et_pb_team_member][\/et_pb_column][et_pb_column type=&#8221;1_3&#8243;][\/et_pb_column][\/et_pb_row][et_pb_row admin_label=&#8221;row&#8221; _builder_version=&#8221;3.0.47&#8243; background_size=&#8221;initial&#8221; background_position=&#8221;top_left&#8221; background_repeat=&#8221;repeat&#8221;][et_pb_column type=&#8221;4_4&#8243;][et_pb_text admin_label=&#8221;\u00dcberschrift Ansprechpartner&#8221; _builder_version=&#8221;3.4&#8243; background_size=&#8221;initial&#8221; background_position=&#8221;top_left&#8221; background_repeat=&#8221;repeat&#8221; use_border_color=&#8221;off&#8221; border_color=&#8221;#ffffff&#8221; border_style=&#8221;solid&#8221;]<\/p>\n<h1>euroMinerals Polska Sp. z o.o.<\/h1>\n<p>[\/et_pb_text][\/et_pb_column][\/et_pb_row][et_pb_row _builder_version=&#8221;3.0.47&#8243; background_size=&#8221;initial&#8221; background_position=&#8221;top_left&#8221; background_repeat=&#8221;repeat&#8221;][et_pb_column type=&#8221;1_3&#8243;][et_pb_image src=&#8221;https:\/\/www.eurominerals.com\/wp-content\/uploads\/2024\/10\/eM_AFV_web_72-286.jpg&#8221; _builder_version=&#8221;3.4&#8243; animation_style=&#8221;slide&#8221; animation_direction=&#8221;left&#8221; animation_duration=&#8221;500ms&#8221; animation_intensity_slide=&#8221;10%&#8221; use_border_color=&#8221;off&#8221; border_color=&#8221;#ffffff&#8221; border_style=&#8221;solid&#8221; animation=&#8221;left&#8221; sticky=&#8221;off&#8221;]<\/p>\n<p>&nbsp;<\/p>\n<p>[\/et_pb_image][et_pb_team_member admin_label=&#8221;Monika Skoczylas-Ja\u0144czyk &#8221; name=&#8221;Malgorzata Krzewina&#8221; position=&#8221;Technical Sales Manager &#8221; _builder_version=&#8221;3.4&#8243; background_size=&#8221;initial&#8221; background_position=&#8221;top_left&#8221; background_repeat=&#8221;repeat&#8221; use_border_color=&#8221;off&#8221;]<\/p>\n<p class=\"p1\"><span style=\"color: #000000;\"><span class=\"s1\"><a href=\"mailto:m.krzewina@eurominerals.com\">m.krzewina@eurominerals.com<\/a><br \/>\n<\/span><a style=\"color: #000000;\" href=\"tel:+48668640854\"><span class=\"s3\">T +48\u00a0<\/span><\/a>698 62 50 63<\/span><\/p>\n<p>[\/et_pb_team_member][\/et_pb_column][et_pb_column type=&#8221;1_3&#8243;][et_pb_image src=&#8221;https:\/\/www.eurominerals.com\/wp-content\/uploads\/2024\/10\/eM_Monika_web_7257.jpg&#8221; _builder_version=&#8221;3.4&#8243; animation_style=&#8221;slide&#8221; animation_direction=&#8221;left&#8221; animation_duration=&#8221;500ms&#8221; animation_intensity_slide=&#8221;10%&#8221; use_border_color=&#8221;off&#8221; border_color=&#8221;#ffffff&#8221; border_style=&#8221;solid&#8221; animation=&#8221;left&#8221; sticky=&#8221;off&#8221;]<\/p>\n<p>&nbsp;<\/p>\n<p>[\/et_pb_image][et_pb_team_member admin_label=&#8221;Monika Skoczylas-Ja\u0144czyk &#8221; name=&#8221;Monika Skoczylas-Ja\u0144czyk &#8221; position=&#8221;Technical Sales Manager &#8221; _builder_version=&#8221;3.4&#8243; background_size=&#8221;initial&#8221; background_position=&#8221;top_left&#8221; background_repeat=&#8221;repeat&#8221; use_border_color=&#8221;off&#8221;]<\/p>\n<p class=\"p1\"><span style=\"color: #000000;\"><span class=\"s1\"><a style=\"color: #000000;\" href=\"mailto:m.janczyk@eurominerals.com\">m.janczyk@eurominerals.com<br \/>\n<\/a><\/span><a style=\"color: #000000;\" href=\"tel:+48668640854\"><span class=\"s3\">T +48 668 64 08 54<\/span><\/a><\/span><\/p>\n<p>[\/et_pb_team_member][\/et_pb_column][et_pb_column type=&#8221;1_3&#8243;][et_pb_image src=&#8221;https:\/\/www.eurominerals.com\/wp-content\/uploads\/2024\/10\/eM_Zaneta_web_7285.jpg&#8221; _builder_version=&#8221;3.4&#8243; animation_style=&#8221;slide&#8221; animation_direction=&#8221;left&#8221; animation_duration=&#8221;500ms&#8221; animation_intensity_slide=&#8221;10%&#8221; use_border_color=&#8221;off&#8221; border_color=&#8221;#ffffff&#8221; border_style=&#8221;solid&#8221; animation=&#8221;left&#8221; sticky=&#8221;off&#8221;]<\/p>\n<p>&nbsp;<\/p>\n<p>[\/et_pb_image][et_pb_team_member admin_label=&#8221;Monika Skoczylas-Ja\u0144czyk &#8221; name=&#8221;\u017baneta Wis\u0142ocka &#8221; position=&#8221;Technical Sales Manager &#8221; _builder_version=&#8221;3.4&#8243; background_size=&#8221;initial&#8221; background_position=&#8221;top_left&#8221; background_repeat=&#8221;repeat&#8221; use_border_color=&#8221;off&#8221;]<\/p>\n<p class=\"p1\"><span style=\"color: #000000;\"><span class=\"s1\"><a style=\"color: #000000;\" href=\"mailto:z.wislocka@eurominerals.com\">z.wislocka@eurominerals.com<br \/>\n<\/a><\/span><span class=\"s3\">T +48 696 949 752<\/span><\/span><\/p>\n<p>[\/et_pb_team_member][\/et_pb_column][\/et_pb_row][\/et_pb_section]<\/p>\n","protected":false},"excerpt":{"rendered":"<p>[et_pb_section bb_built=&#8221;1&#8243; admin_label=&#8221;section&#8221; _builder_version=&#8221;3.0.47&#8243;][et_pb_row admin_label=&#8221;row&#8221; _builder_version=&#8221;3.0.47&#8243; background_size=&#8221;initial&#8221; background_position=&#8221;top_left&#8221; background_repeat=&#8221;repeat&#8221;][et_pb_column type=&#8221;4_4&#8243;][et_pb_text admin_label=&#8221;\u00dcberschrift Ansprechpartner&#8221; _builder_version=&#8221;3.0.47&#8243; background_size=&#8221;initial&#8221; background_position=&#8221;top_left&#8221; background_repeat=&#8221;repeat&#8221; use_border_color=&#8221;off&#8221; border_color=&#8221;#ffffff&#8221; border_style=&#8221;solid&#8221;] euroMinerals GmbH [\/et_pb_text][\/et_pb_column][\/et_pb_row][et_pb_row _builder_version=&#8221;3.0.47&#8243; background_size=&#8221;initial&#8221; background_position=&#8221;top_left&#8221; background_repeat=&#8221;repeat&#8221;][et_pb_column type=&#8221;1_3&#8243;][et_pb_image src=&#8221;https:\/\/www.eurominerals.at\/wp-content\/uploads\/2021\/01\/eM_Mersiha_Muhamedbegovicz.jpg&#8221; _builder_version=&#8221;3.4&#8243; animation_style=&#8221;slide&#8221; animation_direction=&#8221;left&#8221; animation_duration=&#8221;500ms&#8221; animation_intensity_slide=&#8221;10%&#8221; use_border_color=&#8221;off&#8221; border_color=&#8221;#ffffff&#8221; border_style=&#8221;solid&#8221; animation=&#8221;left&#8221; sticky=&#8221;off&#8221;] &nbsp; [\/et_pb_image][et_pb_team_member admin_label=&#8221;Mersiha Muhamedbegovic&#8221; name=&#8221;Mersiha Muhamedbegovic&#8221; position=&#8221;Customer Service&#8221; _builder_version=&#8221;3.4&#8243; background_size=&#8221;initial&#8221; background_position=&#8221;top_left&#8221; background_repeat=&#8221;repeat&#8221; use_border_color=&#8221;off&#8221;] mm@eurominerals.com T +43 3612 [&hellip;]<\/p>\n","protected":false},"author":2,"featured_media":0,"parent":1046,"menu_order":0,"comment_status":"closed","ping_status":"closed","template":"","meta":{"footnotes":""},"class_list":["post-1049","page","type-page","status-publish","hentry"],"_links":{"self":[{"href":"https:\/\/www.eurominerals.com\/en\/wp-json\/wp\/v2\/pages\/1049","targetHints":{"allow":["GET"]}}],"collection":[{"href":"https:\/\/www.eurominerals.com\/en\/wp-json\/wp\/v2\/pages"}],"about":[{"href":"https:\/\/www.eurominerals.com\/en\/wp-json\/wp\/v2\/types\/page"}],"author":[{"embeddable":true,"href":"https:\/\/www.eurominerals.com\/en\/wp-json\/wp\/v2\/users\/2"}],"replies":[{"embeddable":true,"href":"https:\/\/www.eurominerals.com\/en\/wp-json\/wp\/v2\/comments?post=1049"}],"version-history":[{"count":67,"href":"https:\/\/www.eurominerals.com\/en\/wp-json\/wp\/v2\/pages\/1049\/revisions"}],"predecessor-version":[{"id":3352,"href":"https:\/\/www.eurominerals.com\/en\/wp-json\/wp\/v2\/pages\/1049\/revisions\/3352"}],"up":[{"embeddable":true,"href":"https:\/\/www.eurominerals.com\/en\/wp-json\/wp\/v2\/pages\/1046"}],"wp:attachment":[{"href":"https:\/\/www.eurominerals.com\/en\/wp-json\/wp\/v2\/media?parent=1049"}],"curies":[{"name":"wp","href":"https:\/\/api.w.org\/{rel}","templated":true}]}}